{"id":56,"date":"2023-05-21T17:00:14","date_gmt":"2023-05-21T15:00:14","guid":{"rendered":"http:\/\/proampolishball.com\/?page_id=56"},"modified":"2026-04-13T09:37:37","modified_gmt":"2026-04-13T07:37:37","slug":"sedziowie","status":"publish","type":"page","link":"https:\/\/tanieczgwiazdkami.pl\/?page_id=56","title":{"rendered":"NEWS"},"content":{"rendered":"\n<p><strong>NEWS<\/strong><\/p>\n\n\n\n<p>1. <strong>TERMIN ZG\u0141OSZE\u0143<\/strong> do 11.05.2025<\/p>\n\n\n\n<p>2. <strong>BILETY WST\u0118PU dla publiczno\u015bci<\/strong><\/p>\n\n\n\n<ul class=\"wp-block-list\">\n<li>40,-z\u0142\/ os.,- (bilet zakupiony on-line na stronie www.tanieczgwiazdkami.pl)<\/li>\n\n\n\n<li>50,-z\u0142\/ os\/,- w dniu Festiwalu<\/li>\n\n\n\n<li>dzieci do lat 6 &#8211; wst\u0119p wolny<\/li>\n<\/ul>\n\n\n\n<p>3. <strong>Najcz\u0119\u015bciej zadawane przez Pa\u0144stwa pytania:<\/strong><\/p>\n\n\n\n<p><strong> I. O kt\u00f3rej godzinie rozpocznie si\u0119 wyst\u0119p?<\/strong><\/p>\n\n\n\n<p>Godzina wyst\u0119pu uzale\u017cniona b\u0119dzie od ilo\u015bci zapisanych dzieci. Dok\u0142adny program zostanie podany     do informacji najp\u00f3\u017aniej do 13.05.2026<\/p>\n\n\n\n<p><strong>II. Ile b\u0119dzie trwa\u0142a Gala Przedszkolaka ?<\/strong><\/p>\n\n\n\n<p>Wyst\u0119p z atrakcjami b\u0119dzie trwa\u0142 oko\u0142o od 2h-2,5h<\/p>\n\n\n\n<p><strong>III. Jak ubra\u0107 dziecko na pokaz?<\/strong><\/p>\n\n\n\n<p>Prosimy, aby ka\u017cdy uczestnik pokazu by\u0142 ubrany galowo, co podkre\u015bli wyj\u0105tkowy charakter tego<br>wydarzenia<\/p>\n\n\n\n<p><strong>IV. Czy dzieci b\u0119d\u0105 ta\u0144czy\u0142o solo, w parze, czy grupie?<\/strong><\/p>\n\n\n\n<p>Dzieci b\u0119d\u0105 ta\u0144czy\u0142y zar\u00f3wno solo, w parze oraz w grupie.<\/p>\n\n\n\n<p><strong>V. Co b\u0119d\u0105 ta\u0144czy\u0107 dzieci?<\/strong><\/p>\n\n\n\n<p>\u00a0\u00a0\u00a0 Dzieci b\u0119d\u0105 prezentowa\u0107 ta\u0144ce, kt\u00f3re uczy\u0142y si\u0119 na zaj\u0119ciach tanecznych ze swoim prowadz\u0105cym<\/p>\n\n\n\n<p><strong>VI. Czy dzieci dowozimy w\u0142asnym transportem?<\/strong><\/p>\n\n\n\n<p>Dzieci dowozimy w\u0142asnym transportem.<\/p>\n\n\n\n<p><strong>VII. Czy opr\u00f3cz sprzeda\u017cy bilet\u00f3w on-line b\u0119dzie mo\u017cliwo\u015b\u0107 zakupu biletu na miejscu<\/strong> ?<\/p>\n\n\n\n<p>Tak. B\u0119dzie mo\u017cliwo\u015b\u0107 zakupu bilet\u00f3w na miejscu.<\/p>\n\n\n\n<p><\/p>\n\n\n\n<p>&nbsp;&nbsp;&nbsp; <\/p>\n","protected":false},"excerpt":{"rendered":"<p>NEWS 1. TERMIN ZG\u0141OSZE\u0143 do 11.05.2025 2. BILETY WST\u0118PU dla publiczno\u015bci 3. Najcz\u0119\u015bciej zadawane przez Pa\u0144stwa pytania: I. O kt\u00f3rej godzinie rozpocznie si\u0119 wyst\u0119p? Godzina wyst\u0119pu uzale\u017cniona b\u0119dzie od ilo\u015bci zapisanych dzieci. Dok\u0142adny program zostanie podany do informacji najp\u00f3\u017aniej do 13.05.2026 II. Ile b\u0119dzie trwa\u0142a Gala Przedszkolaka ? Wyst\u0119p z atrakcjami b\u0119dzie trwa\u0142 oko\u0142o od [&hellip;]<\/p>\n","protected":false},"author":1,"featured_media":1754,"parent":0,"menu_order":0,"comment_status":"closed","ping_status":"closed","template":"","meta":{"footnotes":""},"class_list":["post-56","page","type-page","status-publish","has-post-thumbnail","hentry"],"yoast_head":"<!-- This site is optimized with the Yoast SEO plugin v27.2 - https:\/\/yoast.com\/product\/yoast-seo-wordpress\/ -->\n<title>NEWS -<\/title>\n<meta name=\"robots\" content=\"index, follow, max-snippet:-1, max-image-preview:large, max-video-preview:-1\" \/>\n<link rel=\"canonical\" href=\"https:\/\/tanieczgwiazdkami.pl\/?page_id=56\" \/>\n<meta property=\"og:locale\" content=\"pl_PL\" \/>\n<meta property=\"og:type\" content=\"article\" \/>\n<meta property=\"og:title\" content=\"NEWS -\" \/>\n<meta property=\"og:description\" content=\"NEWS 1. TERMIN ZG\u0141OSZE\u0143 do 11.05.2025 2. BILETY WST\u0118PU dla publiczno\u015bci 3. Najcz\u0119\u015bciej zadawane przez Pa\u0144stwa pytania: I. O kt\u00f3rej godzinie rozpocznie si\u0119 wyst\u0119p? Godzina wyst\u0119pu uzale\u017cniona b\u0119dzie od ilo\u015bci zapisanych dzieci. Dok\u0142adny program zostanie podany do informacji najp\u00f3\u017aniej do 13.05.2026 II. Ile b\u0119dzie trwa\u0142a Gala Przedszkolaka ? Wyst\u0119p z atrakcjami b\u0119dzie trwa\u0142 oko\u0142o od [&hellip;]\" \/>\n<meta property=\"og:url\" content=\"https:\/\/tanieczgwiazdkami.pl\/?page_id=56\" \/>\n<meta property=\"article:modified_time\" content=\"2026-04-13T07:37:37+00:00\" \/>\n<meta property=\"og:image\" content=\"https:\/\/tanieczgwiazdkami.pl\/wp-content\/uploads\/2026\/04\/Gala-Przedszkolaka-2025-5-1.jpg\" \/>\n\t<meta property=\"og:image:width\" content=\"1920\" \/>\n\t<meta property=\"og:image:height\" content=\"1080\" \/>\n\t<meta property=\"og:image:type\" content=\"image\/jpeg\" \/>\n<meta name=\"twitter:card\" content=\"summary_large_image\" \/>\n<meta name=\"twitter:label1\" content=\"Szacowany czas czytania\" \/>\n\t<meta name=\"twitter:data1\" content=\"2 minuty\" \/>\n<script type=\"application\/ld+json\" class=\"yoast-schema-graph\">{\"@context\":\"https:\/\/schema.org\",\"@graph\":[{\"@type\":\"WebPage\",\"@id\":\"https:\/\/tanieczgwiazdkami.pl\/?page_id=56\",\"url\":\"https:\/\/tanieczgwiazdkami.pl\/?page_id=56\",\"name\":\"NEWS -\",\"isPartOf\":{\"@id\":\"https:\/\/tanieczgwiazdkami.pl\/#website\"},\"primaryImageOfPage\":{\"@id\":\"https:\/\/tanieczgwiazdkami.pl\/?page_id=56#primaryimage\"},\"image\":{\"@id\":\"https:\/\/tanieczgwiazdkami.pl\/?page_id=56#primaryimage\"},\"thumbnailUrl\":\"https:\/\/tanieczgwiazdkami.pl\/wp-content\/uploads\/2026\/04\/Gala-Przedszkolaka-2025-5-1.jpg\",\"datePublished\":\"2023-05-21T15:00:14+00:00\",\"dateModified\":\"2026-04-13T07:37:37+00:00\",\"inLanguage\":\"pl-PL\",\"potentialAction\":[{\"@type\":\"ReadAction\",\"target\":[\"https:\/\/tanieczgwiazdkami.pl\/?page_id=56\"]}]},{\"@type\":\"ImageObject\",\"inLanguage\":\"pl-PL\",\"@id\":\"https:\/\/tanieczgwiazdkami.pl\/?page_id=56#primaryimage\",\"url\":\"https:\/\/tanieczgwiazdkami.pl\/wp-content\/uploads\/2026\/04\/Gala-Przedszkolaka-2025-5-1.jpg\",\"contentUrl\":\"https:\/\/tanieczgwiazdkami.pl\/wp-content\/uploads\/2026\/04\/Gala-Przedszkolaka-2025-5-1.jpg\",\"width\":1920,\"height\":1080},{\"@type\":\"WebSite\",\"@id\":\"https:\/\/tanieczgwiazdkami.pl\/#website\",\"url\":\"https:\/\/tanieczgwiazdkami.pl\/\",\"name\":\"PRO-AM POLISH BALL\",\"description\":\"\",\"publisher\":{\"@id\":\"https:\/\/tanieczgwiazdkami.pl\/#organization\"},\"potentialAction\":[{\"@type\":\"SearchAction\",\"target\":{\"@type\":\"EntryPoint\",\"urlTemplate\":\"https:\/\/tanieczgwiazdkami.pl\/?s={search_term_string}\"},\"query-input\":{\"@type\":\"PropertyValueSpecification\",\"valueRequired\":true,\"valueName\":\"search_term_string\"}}],\"inLanguage\":\"pl-PL\"},{\"@type\":\"Organization\",\"@id\":\"https:\/\/tanieczgwiazdkami.pl\/#organization\",\"name\":\"TOWARZYSTWO KULTURALNO SPORTOWE STARDANCE\",\"url\":\"https:\/\/tanieczgwiazdkami.pl\/\",\"logo\":{\"@type\":\"ImageObject\",\"inLanguage\":\"pl-PL\",\"@id\":\"https:\/\/tanieczgwiazdkami.pl\/#\/schema\/logo\/image\/\",\"url\":\"http:\/\/proampolishball.com\/wp-content\/uploads\/2023\/07\/logo-TKS_stardance.jpg\",\"contentUrl\":\"http:\/\/proampolishball.com\/wp-content\/uploads\/2023\/07\/logo-TKS_stardance.jpg\",\"width\":1000,\"height\":1000,\"caption\":\"TOWARZYSTWO KULTURALNO SPORTOWE STARDANCE\"},\"image\":{\"@id\":\"https:\/\/tanieczgwiazdkami.pl\/#\/schema\/logo\/image\/\"}}]}<\/script>\n<!-- \/ Yoast SEO plugin. -->","yoast_head_json":{"title":"NEWS -","robots":{"index":"index","follow":"follow","max-snippet":"max-snippet:-1","max-image-preview":"max-image-preview:large","max-video-preview":"max-video-preview:-1"},"canonical":"https:\/\/tanieczgwiazdkami.pl\/?page_id=56","og_locale":"pl_PL","og_type":"article","og_title":"NEWS -","og_description":"NEWS 1. TERMIN ZG\u0141OSZE\u0143 do 11.05.2025 2. BILETY WST\u0118PU dla publiczno\u015bci 3. Najcz\u0119\u015bciej zadawane przez Pa\u0144stwa pytania: I. O kt\u00f3rej godzinie rozpocznie si\u0119 wyst\u0119p? Godzina wyst\u0119pu uzale\u017cniona b\u0119dzie od ilo\u015bci zapisanych dzieci. Dok\u0142adny program zostanie podany do informacji najp\u00f3\u017aniej do 13.05.2026 II. Ile b\u0119dzie trwa\u0142a Gala Przedszkolaka ? Wyst\u0119p z atrakcjami b\u0119dzie trwa\u0142 oko\u0142o od [&hellip;]","og_url":"https:\/\/tanieczgwiazdkami.pl\/?page_id=56","article_modified_time":"2026-04-13T07:37:37+00:00","og_image":[{"width":1920,"height":1080,"url":"https:\/\/tanieczgwiazdkami.pl\/wp-content\/uploads\/2026\/04\/Gala-Przedszkolaka-2025-5-1.jpg","type":"image\/jpeg"}],"twitter_card":"summary_large_image","twitter_misc":{"Szacowany czas czytania":"2 minuty"},"schema":{"@context":"https:\/\/schema.org","@graph":[{"@type":"WebPage","@id":"https:\/\/tanieczgwiazdkami.pl\/?page_id=56","url":"https:\/\/tanieczgwiazdkami.pl\/?page_id=56","name":"NEWS -","isPartOf":{"@id":"https:\/\/tanieczgwiazdkami.pl\/#website"},"primaryImageOfPage":{"@id":"https:\/\/tanieczgwiazdkami.pl\/?page_id=56#primaryimage"},"image":{"@id":"https:\/\/tanieczgwiazdkami.pl\/?page_id=56#primaryimage"},"thumbnailUrl":"https:\/\/tanieczgwiazdkami.pl\/wp-content\/uploads\/2026\/04\/Gala-Przedszkolaka-2025-5-1.jpg","datePublished":"2023-05-21T15:00:14+00:00","dateModified":"2026-04-13T07:37:37+00:00","inLanguage":"pl-PL","potentialAction":[{"@type":"ReadAction","target":["https:\/\/tanieczgwiazdkami.pl\/?page_id=56"]}]},{"@type":"ImageObject","inLanguage":"pl-PL","@id":"https:\/\/tanieczgwiazdkami.pl\/?page_id=56#primaryimage","url":"https:\/\/tanieczgwiazdkami.pl\/wp-content\/uploads\/2026\/04\/Gala-Przedszkolaka-2025-5-1.jpg","contentUrl":"https:\/\/tanieczgwiazdkami.pl\/wp-content\/uploads\/2026\/04\/Gala-Przedszkolaka-2025-5-1.jpg","width":1920,"height":1080},{"@type":"WebSite","@id":"https:\/\/tanieczgwiazdkami.pl\/#website","url":"https:\/\/tanieczgwiazdkami.pl\/","name":"PRO-AM POLISH BALL","description":"","publisher":{"@id":"https:\/\/tanieczgwiazdkami.pl\/#organization"},"potentialAction":[{"@type":"SearchAction","target":{"@type":"EntryPoint","urlTemplate":"https:\/\/tanieczgwiazdkami.pl\/?s={search_term_string}"},"query-input":{"@type":"PropertyValueSpecification","valueRequired":true,"valueName":"search_term_string"}}],"inLanguage":"pl-PL"},{"@type":"Organization","@id":"https:\/\/tanieczgwiazdkami.pl\/#organization","name":"TOWARZYSTWO KULTURALNO SPORTOWE STARDANCE","url":"https:\/\/tanieczgwiazdkami.pl\/","logo":{"@type":"ImageObject","inLanguage":"pl-PL","@id":"https:\/\/tanieczgwiazdkami.pl\/#\/schema\/logo\/image\/","url":"http:\/\/proampolishball.com\/wp-content\/uploads\/2023\/07\/logo-TKS_stardance.jpg","contentUrl":"http:\/\/proampolishball.com\/wp-content\/uploads\/2023\/07\/logo-TKS_stardance.jpg","width":1000,"height":1000,"caption":"TOWARZYSTWO KULTURALNO SPORTOWE STARDANCE"},"image":{"@id":"https:\/\/tanieczgwiazdkami.pl\/#\/schema\/logo\/image\/"}}]}},"_links":{"self":[{"href":"https:\/\/tanieczgwiazdkami.pl\/index.php?rest_route=\/wp\/v2\/pages\/56","targetHints":{"allow":["GET"]}}],"collection":[{"href":"https:\/\/tanieczgwiazdkami.pl\/index.php?rest_route=\/wp\/v2\/pages"}],"about":[{"href":"https:\/\/tanieczgwiazdkami.pl\/index.php?rest_route=\/wp\/v2\/types\/page"}],"author":[{"embeddable":true,"href":"https:\/\/tanieczgwiazdkami.pl\/index.php?rest_route=\/wp\/v2\/users\/1"}],"replies":[{"embeddable":true,"href":"https:\/\/tanieczgwiazdkami.pl\/index.php?rest_route=%2Fwp%2Fv2%2Fcomments&post=56"}],"version-history":[{"count":60,"href":"https:\/\/tanieczgwiazdkami.pl\/index.php?rest_route=\/wp\/v2\/pages\/56\/revisions"}],"predecessor-version":[{"id":1765,"href":"https:\/\/tanieczgwiazdkami.pl\/index.php?rest_route=\/wp\/v2\/pages\/56\/revisions\/1765"}],"wp:featuredmedia":[{"embeddable":true,"href":"https:\/\/tanieczgwiazdkami.pl\/index.php?rest_route=\/wp\/v2\/media\/1754"}],"wp:attachment":[{"href":"https:\/\/tanieczgwiazdkami.pl\/index.php?rest_route=%2Fwp%2Fv2%2Fmedia&parent=56"}],"curies":[{"name":"wp","href":"https:\/\/api.w.org\/{rel}","templated":true}]}}